{"id":102,"date":"2023-11-16T12:28:22","date_gmt":"2023-11-16T12:28:22","guid":{"rendered":"https:\/\/xandar.de\/?page_id=102"},"modified":"2024-02-05T17:17:49","modified_gmt":"2024-02-05T17:17:49","slug":"ueber-uns","status":"publish","type":"page","link":"https:\/\/xandar.de\/?page_id=102","title":{"rendered":"\u00dcber uns"},"content":{"rendered":"\n<figure class=\"wp-block-image alignwide size-large\"><img loading=\"lazy\" decoding=\"async\" width=\"1024\" height=\"377\" src=\"https:\/\/xandar.de\/wp-content\/uploads\/2023\/11\/IMG_8084-1024x377.jpeg\" alt=\"\" class=\"wp-image-119\" srcset=\"https:\/\/xandar.de\/wp-content\/uploads\/2023\/11\/IMG_8084-1024x377.jpeg 1024w, https:\/\/xandar.de\/wp-content\/uploads\/2023\/11\/IMG_8084-300x111.jpeg 300w, https:\/\/xandar.de\/wp-content\/uploads\/2023\/11\/IMG_8084-768x283.jpeg 768w, https:\/\/xandar.de\/wp-content\/uploads\/2023\/11\/IMG_8084-1536x566.jpeg 1536w, https:\/\/xandar.de\/wp-content\/uploads\/2023\/11\/IMG_8084-2048x755.jpeg 2048w\" sizes=\"auto, (max-width: 1024px) 100vw, 1024px\" \/><\/figure>\n\n\n\n<div style=\"height:100px\" aria-hidden=\"true\" class=\"wp-block-spacer\"><\/div>\n\n\n\n<div class=\"wp-block-media-text is-stacked-on-mobile\" style=\"grid-template-columns:20% auto\"><figure class=\"wp-block-media-text__media\"><img loading=\"lazy\" decoding=\"async\" width=\"600\" height=\"600\" src=\"https:\/\/xandar.de\/wp-content\/uploads\/2023\/11\/daniel.jpg\" alt=\"\" class=\"wp-image-115 size-full\" srcset=\"https:\/\/xandar.de\/wp-content\/uploads\/2023\/11\/daniel.jpg 600w, https:\/\/xandar.de\/wp-content\/uploads\/2023\/11\/daniel-300x300.jpg 300w, https:\/\/xandar.de\/wp-content\/uploads\/2023\/11\/daniel-150x150.jpg 150w\" sizes=\"auto, (max-width: 600px) 100vw, 600px\" \/><\/figure><div class=\"wp-block-media-text__content\">\n<h2 class=\"wp-block-heading\">Daniel Kemen<\/h2>\n\n\n\n<p>Daniel Kemen ist Gr\u00fcnder und Gesch\u00e4ftsf\u00fchrer der &#8222;<a href=\"https:\/\/software-design.de\/\" target=\"_blank\" rel=\"noreferrer noopener\">SD Software-Design GmbH<\/a>&#8220; &#8211; einem mittelst\u00e4ndischen IT Unternehmen aus Freiburg. Dort entwickelt er unter anderem Softwarel\u00f6sungen f\u00fcr kleine und mittelst\u00e4ndische Unternehmen. Sein erstes Unternehmen gr\u00fcndete er im Alter von 17 Jahren.<\/p>\n<\/div><\/div>\n\n\n\n<div style=\"height:100px\" aria-hidden=\"true\" class=\"wp-block-spacer\"><\/div>\n\n\n\n<div class=\"wp-block-media-text has-media-on-the-right is-stacked-on-mobile\" style=\"grid-template-columns:auto 28%\"><div class=\"wp-block-media-text__content\">\n<h2 class=\"wp-block-heading\">Andreas Lieb<\/h2>\n\n\n\n<p>Andreas Lieb ist Rechtsanwalt mit Schwerpunkt im Gesellschaftsrecht in der Wirtschaftskanzlei <a href=\"https:\/\/www.snp-online.de\/\" target=\"_blank\" rel=\"noreferrer noopener\">snp.law<\/a>. Er ber\u00e4t Unternehmen und Startups bei allen rechtlichen Themen rund um Gr\u00fcndung, Kapitalma\u00dfnahmen, Unternehmensk\u00e4ufen, Unternehmensnachfolge sowie alle sonstigen gesellschaftsrechtlichen Fragestellungen.<\/p>\n<\/div><figure class=\"wp-block-media-text__media\"><img loading=\"lazy\" decoding=\"async\" width=\"1024\" height=\"768\" src=\"https:\/\/xandar.de\/wp-content\/uploads\/2024\/02\/L1170337-x-print-1024x768.jpg\" alt=\"\" class=\"wp-image-174 size-full\" srcset=\"https:\/\/xandar.de\/wp-content\/uploads\/2024\/02\/L1170337-x-print-1024x768.jpg 1024w, https:\/\/xandar.de\/wp-content\/uploads\/2024\/02\/L1170337-x-print-300x225.jpg 300w, https:\/\/xandar.de\/wp-content\/uploads\/2024\/02\/L1170337-x-print-768x576.jpg 768w, https:\/\/xandar.de\/wp-content\/uploads\/2024\/02\/L1170337-x-print-1536x1152.jpg 1536w, https:\/\/xandar.de\/wp-content\/uploads\/2024\/02\/L1170337-x-print-2048x1536.jpg 2048w\" sizes=\"auto, (max-width: 1024px) 100vw, 1024px\" \/><\/figure><\/div>\n\n\n\n<div style=\"height:100px\" aria-hidden=\"true\" class=\"wp-block-spacer\"><\/div>\n\n\n\n<div class=\"wp-block-media-text is-stacked-on-mobile\" style=\"grid-template-columns:20% auto\"><figure class=\"wp-block-media-text__media\"><img loading=\"lazy\" decoding=\"async\" width=\"1024\" height=\"1024\" src=\"https:\/\/xandar.de\/wp-content\/uploads\/2023\/11\/NicoHerr-1024x1024.jpg\" alt=\"\" class=\"wp-image-118 size-full\" srcset=\"https:\/\/xandar.de\/wp-content\/uploads\/2023\/11\/NicoHerr-1024x1024.jpg 1024w, https:\/\/xandar.de\/wp-content\/uploads\/2023\/11\/NicoHerr-300x300.jpg 300w, https:\/\/xandar.de\/wp-content\/uploads\/2023\/11\/NicoHerr-150x150.jpg 150w, https:\/\/xandar.de\/wp-content\/uploads\/2023\/11\/NicoHerr-768x768.jpg 768w, https:\/\/xandar.de\/wp-content\/uploads\/2023\/11\/NicoHerr-1536x1536.jpg 1536w, https:\/\/xandar.de\/wp-content\/uploads\/2023\/11\/NicoHerr.jpg 2048w\" sizes=\"auto, (max-width: 1024px) 100vw, 1024px\" \/><\/figure><div class=\"wp-block-media-text__content\">\n<h2 class=\"wp-block-heading\">Nico Herr<\/h2>\n\n\n\n<p>Nico Herr ist gesch\u00e4ftsf\u00fchrender Steuerberater der familiengef\u00fchrten Kanzlei&nbsp;<a href=\"https:\/\/www.herr-stb.de\/\" target=\"_blank\" rel=\"noreferrer noopener\">Herr Steuerberatungsgesellschaft mbH<\/a>. Er ber\u00e4t Unternehmen und Startups bei steuerlichen und wirtschaftlichen Fragestellungen. Au\u00dferdem ist er Fachberater f\u00fcr Unternehmensnachfolge (DStV e.V.) und steht seinen Mandanten bei der \u00dcbernahme und \u00dcbergabe ihrer Unternehmen zur Seite.<\/p>\n<\/div><\/div>\n","protected":false},"excerpt":{"rendered":"<p>Daniel Kemen Daniel Kemen ist Gr\u00fcnder und Gesch\u00e4ftsf\u00fchrer der &#8222;SD Software-Design GmbH&#8220; &#8211; einem mittelst\u00e4ndischen IT Unternehmen aus Freiburg. Dort entwickelt er unter anderem Softwarel\u00f6sungen f\u00fcr kleine und mittelst\u00e4ndische Unternehmen. Sein erstes Unternehmen gr\u00fcndete er im Alter von 17 Jahren. Andreas Lieb Andreas Lieb ist Rechtsanwalt mit Schwerpunkt im Gesellschaftsrecht in der Wirtschaftskanzlei snp.law. Er &hellip;<\/p>\n<p class=\"read-more\"> <a class=\"\" href=\"https:\/\/xandar.de\/?page_id=102\"> <span class=\"screen-reader-text\">\u00dcber uns<\/span> Weiterlesen &raquo;<\/a><\/p>\n","protected":false},"author":2,"featured_media":0,"parent":0,"menu_order":0,"comment_status":"closed","ping_status":"closed","template":"","meta":{"site-sidebar-layout":"default","site-content-layout":"","ast-site-content-layout":"default","site-content-style":"default","site-sidebar-style":"default","ast-global-header-display":"","ast-banner-title-visibility":"","ast-main-header-display":"","ast-hfb-above-header-display":"","ast-hfb-below-header-display":"","ast-hfb-mobile-header-display":"","site-post-title":"","ast-breadcrumbs-content":"","ast-featured-img":"","footer-sml-layout":"","theme-transparent-header-meta":"","adv-header-id-meta":"","stick-header-meta":"","header-above-stick-meta":"","header-main-stick-meta":"","header-below-stick-meta":"","astra-migrate-meta-layouts":"set","ast-page-background-enabled":"default","ast-page-background-meta":{"desktop":{"background-color":"var(--ast-global-color-4)","background-image":"","background-repeat":"repeat","background-position":"center center","background-size":"auto","background-attachment":"scroll","background-type":"","background-media":"","overlay-type":"","overlay-color":"","overlay-gradient":""},"tablet":{"background-color":"","background-image":"","background-repeat":"repeat","background-position":"center center","background-size":"auto","background-attachment":"scroll","background-type":"","background-media":"","overlay-type":"","overlay-color":"","overlay-gradient":""},"mobile":{"background-color":"","background-image":"","background-repeat":"repeat","background-position":"center center","background-size":"auto","background-attachment":"scroll","background-type":"","background-media":"","overlay-type":"","overlay-color":"","overlay-gradient":""}},"ast-content-background-meta":{"desktop":{"background-color":"var(--ast-global-color-5)","background-image":"","background-repeat":"repeat","background-position":"center center","background-size":"auto","background-attachment":"scroll","background-type":"","background-media":"","overlay-type":"","overlay-color":"","overlay-gradient":""},"tablet":{"background-color":"var(--ast-global-color-5)","background-image":"","background-repeat":"repeat","background-position":"center center","background-size":"auto","background-attachment":"scroll","background-type":"","background-media":"","overlay-type":"","overlay-color":"","overlay-gradient":""},"mobile":{"background-color":"var(--ast-global-color-5)","background-image":"","background-repeat":"repeat","background-position":"center center","background-size":"auto","background-attachment":"scroll","background-type":"","background-media":"","overlay-type":"","overlay-color":"","overlay-gradient":""}},"footnotes":""},"class_list":["post-102","page","type-page","status-publish","hentry"],"yoast_head":"<!-- This site is optimized with the Yoast SEO plugin v21.5 - https:\/\/yoast.com\/wordpress\/plugins\/seo\/ -->\n<title>\u00dcber uns - Xandar<\/title>\n<meta name=\"robots\" content=\"index, follow, max-snippet:-1, max-image-preview:large, max-video-preview:-1\" \/>\n<link rel=\"canonical\" href=\"https:\/\/xandar.de\/?page_id=102\" \/>\n<meta property=\"og:locale\" content=\"de_DE\" \/>\n<meta property=\"og:type\" content=\"article\" \/>\n<meta property=\"og:title\" content=\"\u00dcber uns - Xandar\" \/>\n<meta property=\"og:description\" content=\"Daniel Kemen Daniel Kemen ist Gr\u00fcnder und Gesch\u00e4ftsf\u00fchrer der &#8222;SD Software-Design GmbH&#8220; &#8211; einem mittelst\u00e4ndischen IT Unternehmen aus Freiburg. Dort entwickelt er unter anderem Softwarel\u00f6sungen f\u00fcr kleine und mittelst\u00e4ndische Unternehmen. Sein erstes Unternehmen gr\u00fcndete er im Alter von 17 Jahren. Andreas Lieb Andreas Lieb ist Rechtsanwalt mit Schwerpunkt im Gesellschaftsrecht in der Wirtschaftskanzlei snp.law. Er &hellip; \u00dcber uns Weiterlesen &raquo;\" \/>\n<meta property=\"og:url\" content=\"https:\/\/xandar.de\/?page_id=102\" \/>\n<meta property=\"og:site_name\" content=\"Xandar\" \/>\n<meta property=\"article:modified_time\" content=\"2024-02-05T17:17:49+00:00\" \/>\n<meta property=\"og:image\" content=\"https:\/\/xandar.de\/wp-content\/uploads\/2023\/11\/IMG_8084-1024x377.jpeg\" \/>\n<meta name=\"twitter:card\" content=\"summary_large_image\" \/>\n<meta name=\"twitter:label1\" content=\"Gesch\u00e4tzte Lesezeit\" \/>\n\t<meta name=\"twitter:data1\" content=\"2\u00a0Minuten\" \/>\n<script type=\"application\/ld+json\" class=\"yoast-schema-graph\">{\"@context\":\"https:\/\/schema.org\",\"@graph\":[{\"@type\":\"WebPage\",\"@id\":\"https:\/\/xandar.de\/?page_id=102\",\"url\":\"https:\/\/xandar.de\/?page_id=102\",\"name\":\"\u00dcber uns - Xandar\",\"isPartOf\":{\"@id\":\"https:\/\/xandar.de\/#website\"},\"datePublished\":\"2023-11-16T12:28:22+00:00\",\"dateModified\":\"2024-02-05T17:17:49+00:00\",\"breadcrumb\":{\"@id\":\"https:\/\/xandar.de\/?page_id=102#breadcrumb\"},\"inLanguage\":\"de\",\"potentialAction\":[{\"@type\":\"ReadAction\",\"target\":[\"https:\/\/xandar.de\/?page_id=102\"]}]},{\"@type\":\"BreadcrumbList\",\"@id\":\"https:\/\/xandar.de\/?page_id=102#breadcrumb\",\"itemListElement\":[{\"@type\":\"ListItem\",\"position\":1,\"name\":\"Startseite\",\"item\":\"https:\/\/xandar.de\/\"},{\"@type\":\"ListItem\",\"position\":2,\"name\":\"\u00dcber uns\"}]},{\"@type\":\"WebSite\",\"@id\":\"https:\/\/xandar.de\/#website\",\"url\":\"https:\/\/xandar.de\/\",\"name\":\"Xandar\",\"description\":\"\",\"publisher\":{\"@id\":\"https:\/\/xandar.de\/#organization\"},\"potentialAction\":[{\"@type\":\"SearchAction\",\"target\":{\"@type\":\"EntryPoint\",\"urlTemplate\":\"https:\/\/xandar.de\/?s={search_term_string}\"},\"query-input\":\"required name=search_term_string\"}],\"inLanguage\":\"de\"},{\"@type\":\"Organization\",\"@id\":\"https:\/\/xandar.de\/#organization\",\"name\":\"Xandar\",\"url\":\"https:\/\/xandar.de\/\",\"logo\":{\"@type\":\"ImageObject\",\"inLanguage\":\"de\",\"@id\":\"https:\/\/xandar.de\/#\/schema\/logo\/image\/\",\"url\":\"https:\/\/xandar.de\/wp-content\/uploads\/2023\/11\/xandar.png\",\"contentUrl\":\"https:\/\/xandar.de\/wp-content\/uploads\/2023\/11\/xandar.png\",\"width\":938,\"height\":262,\"caption\":\"Xandar\"},\"image\":{\"@id\":\"https:\/\/xandar.de\/#\/schema\/logo\/image\/\"}}]}<\/script>\n<!-- \/ Yoast SEO plugin. -->","yoast_head_json":{"title":"\u00dcber uns - Xandar","robots":{"index":"index","follow":"follow","max-snippet":"max-snippet:-1","max-image-preview":"max-image-preview:large","max-video-preview":"max-video-preview:-1"},"canonical":"https:\/\/xandar.de\/?page_id=102","og_locale":"de_DE","og_type":"article","og_title":"\u00dcber uns - Xandar","og_description":"Daniel Kemen Daniel Kemen ist Gr\u00fcnder und Gesch\u00e4ftsf\u00fchrer der &#8222;SD Software-Design GmbH&#8220; &#8211; einem mittelst\u00e4ndischen IT Unternehmen aus Freiburg. Dort entwickelt er unter anderem Softwarel\u00f6sungen f\u00fcr kleine und mittelst\u00e4ndische Unternehmen. Sein erstes Unternehmen gr\u00fcndete er im Alter von 17 Jahren. Andreas Lieb Andreas Lieb ist Rechtsanwalt mit Schwerpunkt im Gesellschaftsrecht in der Wirtschaftskanzlei snp.law. Er &hellip; \u00dcber uns Weiterlesen &raquo;","og_url":"https:\/\/xandar.de\/?page_id=102","og_site_name":"Xandar","article_modified_time":"2024-02-05T17:17:49+00:00","og_image":[{"url":"https:\/\/xandar.de\/wp-content\/uploads\/2023\/11\/IMG_8084-1024x377.jpeg"}],"twitter_card":"summary_large_image","twitter_misc":{"Gesch\u00e4tzte Lesezeit":"2\u00a0Minuten"},"schema":{"@context":"https:\/\/schema.org","@graph":[{"@type":"WebPage","@id":"https:\/\/xandar.de\/?page_id=102","url":"https:\/\/xandar.de\/?page_id=102","name":"\u00dcber uns - Xandar","isPartOf":{"@id":"https:\/\/xandar.de\/#website"},"datePublished":"2023-11-16T12:28:22+00:00","dateModified":"2024-02-05T17:17:49+00:00","breadcrumb":{"@id":"https:\/\/xandar.de\/?page_id=102#breadcrumb"},"inLanguage":"de","potentialAction":[{"@type":"ReadAction","target":["https:\/\/xandar.de\/?page_id=102"]}]},{"@type":"BreadcrumbList","@id":"https:\/\/xandar.de\/?page_id=102#breadcrumb","itemListElement":[{"@type":"ListItem","position":1,"name":"Startseite","item":"https:\/\/xandar.de\/"},{"@type":"ListItem","position":2,"name":"\u00dcber uns"}]},{"@type":"WebSite","@id":"https:\/\/xandar.de\/#website","url":"https:\/\/xandar.de\/","name":"Xandar","description":"","publisher":{"@id":"https:\/\/xandar.de\/#organization"},"potentialAction":[{"@type":"SearchAction","target":{"@type":"EntryPoint","urlTemplate":"https:\/\/xandar.de\/?s={search_term_string}"},"query-input":"required name=search_term_string"}],"inLanguage":"de"},{"@type":"Organization","@id":"https:\/\/xandar.de\/#organization","name":"Xandar","url":"https:\/\/xandar.de\/","logo":{"@type":"ImageObject","inLanguage":"de","@id":"https:\/\/xandar.de\/#\/schema\/logo\/image\/","url":"https:\/\/xandar.de\/wp-content\/uploads\/2023\/11\/xandar.png","contentUrl":"https:\/\/xandar.de\/wp-content\/uploads\/2023\/11\/xandar.png","width":938,"height":262,"caption":"Xandar"},"image":{"@id":"https:\/\/xandar.de\/#\/schema\/logo\/image\/"}}]}},"_links":{"self":[{"href":"https:\/\/xandar.de\/index.php?rest_route=\/wp\/v2\/pages\/102","targetHints":{"allow":["GET"]}}],"collection":[{"href":"https:\/\/xandar.de\/index.php?rest_route=\/wp\/v2\/pages"}],"about":[{"href":"https:\/\/xandar.de\/index.php?rest_route=\/wp\/v2\/types\/page"}],"author":[{"embeddable":true,"href":"https:\/\/xandar.de\/index.php?rest_route=\/wp\/v2\/users\/2"}],"replies":[{"embeddable":true,"href":"https:\/\/xandar.de\/index.php?rest_route=%2Fwp%2Fv2%2Fcomments&post=102"}],"version-history":[{"count":16,"href":"https:\/\/xandar.de\/index.php?rest_route=\/wp\/v2\/pages\/102\/revisions"}],"predecessor-version":[{"id":176,"href":"https:\/\/xandar.de\/index.php?rest_route=\/wp\/v2\/pages\/102\/revisions\/176"}],"wp:attachment":[{"href":"https:\/\/xandar.de\/index.php?rest_route=%2Fwp%2Fv2%2Fmedia&parent=102"}],"curies":[{"name":"wp","href":"https:\/\/api.w.org\/{rel}","templated":true}]}}