{"id":7,"date":"2023-06-13T14:03:57","date_gmt":"2023-06-13T14:03:57","guid":{"rendered":"https:\/\/xandar.de\/?page_id=7"},"modified":"2024-02-05T17:11:05","modified_gmt":"2024-02-05T17:11:05","slug":"home","status":"publish","type":"page","link":"https:\/\/xandar.de\/","title":{"rendered":"Xandar Law Tax Solutions UG (haftungsbeschr\u00e4nkt)"},"content":{"rendered":"\n<div class=\"wp-block-cover alignfull wp-duotone-unset-1\" style=\"min-height:100vh;aspect-ratio:unset;\"><span aria-hidden=\"true\" class=\"wp-block-cover__background has-ast-global-color-5-background-color has-background-dim-100 has-background-dim\"><\/span><div class=\"wp-block-cover__inner-container is-layout-flow wp-block-cover-is-layout-flow\">\n<div class=\"inherit-container-width wp-block-group alignwide is-layout-constrained wp-block-group-is-layout-constrained\">\n<div class=\"wp-block-media-text alignwide is-vertically-aligned-center\" style=\"padding-top:0;padding-bottom:0;grid-template-columns:21% auto\"><figure class=\"wp-block-media-text__media\"><img loading=\"lazy\" decoding=\"async\" width=\"356\" height=\"356\" src=\"https:\/\/xandar.de\/wp-content\/uploads\/2023\/11\/icon.png\" alt=\"\" class=\"wp-image-139 size-full\" srcset=\"https:\/\/xandar.de\/wp-content\/uploads\/2023\/11\/icon.png 356w, https:\/\/xandar.de\/wp-content\/uploads\/2023\/11\/icon-300x300.png 300w, https:\/\/xandar.de\/wp-content\/uploads\/2023\/11\/icon-150x150.png 150w\" sizes=\"auto, (max-width: 356px) 100vw, 356px\" \/><\/figure><div class=\"wp-block-media-text__content\">\n<h1 class=\"wp-block-heading has-text-align-left has-ast-global-color-0-color has-text-color\">Xandar Law &amp; Tax Solutions <\/h1>\n\n\n\n<p class=\"has-ast-global-color-1-color has-text-color has-link-color wp-elements-9a93e147e902311f4f5b6a7c94bb19e2\">Xandar ist ein Start-up, das Softwarel\u00f6sungen an der Schnittstelle Recht &amp; Steuern anbietet. Wir digitalisieren rechtliche Prozesse f\u00fcr Startups, Unternehmen und Kanzleien.<\/p>\n\n\n\n<div class=\"wp-block-buttons alignwide is-layout-flex wp-block-buttons-is-layout-flex\">\n<div class=\"wp-block-button\"><a class=\"wp-block-button__link wp-element-button\" href=\"mailto:info@xandar.de\">Jetzt kontaktieren<\/a><\/div>\n<\/div>\n<\/div><\/div>\n<\/div>\n\n\n\n<div style=\"height:100px\" aria-hidden=\"true\" class=\"wp-block-spacer\"><\/div>\n\n\n\n<figure class=\"wp-block-image aligncenter size-full is-resized\"><img loading=\"lazy\" decoding=\"async\" width=\"466\" height=\"318\" src=\"https:\/\/xandar.de\/wp-content\/uploads\/2024\/02\/Screenshot-2024-02-05-at-18.10.26.png\" alt=\"\" class=\"wp-image-170\" style=\"width:174px;height:auto\" srcset=\"https:\/\/xandar.de\/wp-content\/uploads\/2024\/02\/Screenshot-2024-02-05-at-18.10.26.png 466w, https:\/\/xandar.de\/wp-content\/uploads\/2024\/02\/Screenshot-2024-02-05-at-18.10.26-300x205.png 300w\" sizes=\"auto, (max-width: 466px) 100vw, 466px\" \/><\/figure>\n<\/div><\/div>\n\n\n\n<div class=\"wp-block-cover alignfull wp-duotone-unset-2\" style=\"min-height:720px;aspect-ratio:unset;\"><span aria-hidden=\"true\" class=\"wp-block-cover__background has-ast-global-color-0-background-color has-background-dim-100 has-background-dim\"><\/span><div class=\"wp-block-cover__inner-container is-layout-flow wp-block-cover-is-layout-flow\">\n<div class=\"inherit-container-width wp-block-group alignwide is-layout-constrained wp-block-group-is-layout-constrained\">\n<div class=\"wp-block-media-text alignwide has-media-on-the-right is-stacked-on-mobile is-vertically-aligned-center\" style=\"grid-template-columns:auto 42%\"><div class=\"wp-block-media-text__content\">\n<h1 class=\"wp-block-heading has-text-align-left has-white-color has-text-color\">Dein Wegweiser \ud83d\ude80\ud83e\uddd1\ud83c\udffb\u200d\ud83d\ude80\ud83d\udcc8<\/h1>\n\n\n\n<p>Der Unternehmensegweiser ist dein Begleiter von der Gr\u00fcndungsidee bis zur Unternehmensnachfolge.<\/p>\n\n\n\n<p>Als junges Unternehmen ist es nicht leicht einen \u00dcberblick im Dschungel der rechtlichen und steuerlichen Vorgaben zu behalten. Aber auch gestandene Unternehmen k\u00e4mpfen mit Formalit\u00e4ten und B\u00fcrokratie. Hier kommen wir ins Spiel. <\/p>\n\n\n\n<p><\/p>\n\n\n\n<div class=\"wp-block-buttons alignwide is-layout-flex wp-block-buttons-is-layout-flex\">\n<div class=\"wp-block-button\"><a class=\"wp-block-button__link has-ast-global-color-1-background-color has-background has-text-align-center wp-element-button\" href=\"http:\/\/unternehmenswegweiser.com\" target=\"_blank\" rel=\"noreferrer noopener\">Zum Wegweiser<\/a><\/div>\n<\/div>\n<\/div><figure class=\"wp-block-media-text__media\"><img loading=\"lazy\" decoding=\"async\" width=\"1024\" height=\"713\" src=\"https:\/\/xandar.de\/wp-content\/uploads\/2023\/11\/IMG_6266-1024x713.jpeg\" alt=\"\" class=\"wp-image-124 size-full\" srcset=\"https:\/\/xandar.de\/wp-content\/uploads\/2023\/11\/IMG_6266-1024x713.jpeg 1024w, https:\/\/xandar.de\/wp-content\/uploads\/2023\/11\/IMG_6266-300x209.jpeg 300w, https:\/\/xandar.de\/wp-content\/uploads\/2023\/11\/IMG_6266-768x535.jpeg 768w, https:\/\/xandar.de\/wp-content\/uploads\/2023\/11\/IMG_6266-1536x1070.jpeg 1536w, https:\/\/xandar.de\/wp-content\/uploads\/2023\/11\/IMG_6266-2048x1427.jpeg 2048w\" sizes=\"auto, (max-width: 1024px) 100vw, 1024px\" \/><\/figure><\/div>\n<\/div>\n<\/div><\/div>\n\n\n\n<p><\/p>\n\n\n\n<div class=\"wp-block-group alignfull has-ast-global-color-5-background-color has-background is-layout-constrained wp-container-core-group-is-layout-94d206d0 wp-block-group-is-layout-constrained\" id=\"about\" style=\"padding-top:143px;padding-bottom:144px\">\n<div class=\"wp-block-media-text is-stacked-on-mobile is-vertically-aligned-center\"><figure class=\"wp-block-media-text__media\"><img loading=\"lazy\" decoding=\"async\" width=\"900\" height=\"900\" src=\"https:\/\/xandar.de\/wp-content\/uploads\/2023\/11\/IMG_6205-1.jpg\" alt=\"\" class=\"wp-image-90 size-full\" srcset=\"https:\/\/xandar.de\/wp-content\/uploads\/2023\/11\/IMG_6205-1.jpg 900w, https:\/\/xandar.de\/wp-content\/uploads\/2023\/11\/IMG_6205-1-300x300.jpg 300w, https:\/\/xandar.de\/wp-content\/uploads\/2023\/11\/IMG_6205-1-150x150.jpg 150w, https:\/\/xandar.de\/wp-content\/uploads\/2023\/11\/IMG_6205-1-768x768.jpg 768w\" sizes=\"auto, (max-width: 900px) 100vw, 900px\" \/><\/figure><div class=\"wp-block-media-text__content\">\n<div class=\"inherit-container-width wp-block-group is-layout-constrained wp-container-core-group-is-layout-47ce07ec wp-block-group-is-layout-constrained\" style=\"padding-right:80px\">\n<h2 class=\"wp-block-heading\" style=\"padding-right:40px\">\u00dcber uns<\/h2>\n\n\n\n<p>Ein ungew\u00f6hnliches Trio? Ein Steuerberater, ein Rechtsanwalt und ein Software-Entwickler. <\/p>\n\n\n\n<p>Kennengelernt haben wir uns \u00fcber die Wirtschaftsjunioren Freiburg. Wir haben unsere Kompetenzen geb\u00fcndelt und Synergien entdeckt. Dabei ist ein Produkt entstanden, das so nur durch diese besondere Kombination umgesetzt werden konnte.<\/p>\n\n\n\n<div class=\"wp-block-buttons is-layout-flex wp-block-buttons-is-layout-flex\">\n<div class=\"wp-block-button\"><a class=\"wp-block-button__link wp-element-button\" href=\"https:\/\/xandar.de\/?page_id=102\">Mehr \u00fcber uns<\/a><\/div>\n<\/div>\n\n\n\n<p><\/p>\n<\/div>\n<\/div><\/div>\n<\/div>\n\n\n\n<div class=\"wp-block-group alignfull has-ast-global-color-5-background-color has-background is-layout-constrained wp-container-core-group-is-layout-94d206d0 wp-block-group-is-layout-constrained\" id=\"about\" style=\"padding-top:143px;padding-bottom:144px\">\n<div class=\"wp-block-media-text has-media-on-the-right is-stacked-on-mobile is-vertically-aligned-center\"><div class=\"wp-block-media-text__content\">\n<div class=\"inherit-container-width wp-block-group is-layout-constrained wp-container-core-group-is-layout-47ce07ec wp-block-group-is-layout-constrained\" style=\"padding-right:80px\">\n<h2 class=\"wp-block-heading\" style=\"padding-right:40px\">Mehr in K\u00fcrze!<\/h2>\n\n\n\n<p>In K\u00fcrze stellen wir euch auf unserer Webseite weitere Informationen \u00fcber unsere Projekte und Plattform sowie den M\u00f6glichkeiten einer Kooperation zur Verf\u00fcgung.<\/p>\n\n\n\n<p>Bis dahin bedanken wir uns f\u00fcr Ihr Interesse!<\/p>\n<\/div>\n<\/div><figure class=\"wp-block-media-text__media\"><img loading=\"lazy\" decoding=\"async\" width=\"1024\" height=\"377\" src=\"https:\/\/xandar.de\/wp-content\/uploads\/2023\/11\/IMG_8084-1024x377.jpeg\" alt=\"\" class=\"wp-image-119 size-full\" srcset=\"https:\/\/xandar.de\/wp-content\/uploads\/2023\/11\/IMG_8084-1024x377.jpeg 1024w, https:\/\/xandar.de\/wp-content\/uploads\/2023\/11\/IMG_8084-300x111.jpeg 300w, https:\/\/xandar.de\/wp-content\/uploads\/2023\/11\/IMG_8084-768x283.jpeg 768w, https:\/\/xandar.de\/wp-content\/uploads\/2023\/11\/IMG_8084-1536x566.jpeg 1536w, https:\/\/xandar.de\/wp-content\/uploads\/2023\/11\/IMG_8084-2048x755.jpeg 2048w\" sizes=\"auto, (max-width: 1024px) 100vw, 1024px\" \/><\/figure><\/div>\n<\/div>\n\n\n\n<div class=\"wp-block-group alignfull has-ast-global-color-0-background-color has-background is-layout-constrained wp-container-core-group-is-layout-175012d2 wp-block-group-is-layout-constrained\" id=\"contact\" style=\"padding-top:104px;padding-bottom:104px\">\n<h2 class=\"wp-block-heading has-text-align-center has-text-color\" style=\"color:#ffffff\">Sie m\u00f6chten mehr erfahren?<\/h2>\n\n\n\n<div class=\"wp-block-buttons alignwide is-horizontal is-content-justification-center is-layout-flex wp-container-core-buttons-is-layout-bba8380a wp-block-buttons-is-layout-flex\" style=\"margin-top:50px\">\n<div class=\"wp-block-button\"><a class=\"wp-block-button__link has-ast-global-color-1-background-color has-background wp-element-button\" href=\"mailto:info@xandar.de\">Kontaktieren Sie uns<\/a><\/div>\n<\/div>\n<\/div>\n","protected":false},"excerpt":{"rendered":"<p>\u00dcber uns Ein ungew\u00f6hnliches Trio? Ein Steuerberater, ein Rechtsanwalt und ein Software-Entwickler. Kennengelernt haben wir uns \u00fcber die Wirtschaftsjunioren Freiburg. Wir haben unsere Kompetenzen geb\u00fcndelt und Synergien entdeckt. Dabei ist ein Produkt entstanden, das so nur durch diese besondere Kombination umgesetzt werden konnte. Mehr in K\u00fcrze! In K\u00fcrze stellen wir euch auf unserer Webseite weitere &hellip;<\/p>\n<p class=\"read-more\"> <a class=\"\" href=\"https:\/\/xandar.de\/\"> <span class=\"screen-reader-text\">Xandar Law Tax Solutions UG (haftungsbeschr\u00e4nkt)<\/span> Weiterlesen &raquo;<\/a><\/p>\n","protected":false},"author":1,"featured_media":0,"parent":0,"menu_order":0,"comment_status":"closed","ping_status":"closed","template":"","meta":{"site-sidebar-layout":"no-sidebar","site-content-layout":"plain-container","ast-site-content-layout":"normal-width-container","site-content-style":"unboxed","site-sidebar-style":"unboxed","ast-global-header-display":"","ast-banner-title-visibility":"","ast-main-header-display":"","ast-hfb-above-header-display":"","ast-hfb-below-header-display":"","ast-hfb-mobile-header-display":"","site-post-title":"disabled","ast-breadcrumbs-content":"","ast-featured-img":"","footer-sml-layout":"","theme-transparent-header-meta":"enabled","adv-header-id-meta":"","stick-header-meta":"","header-above-stick-meta":"","header-main-stick-meta":"","header-below-stick-meta":"","astra-migrate-meta-layouts":"set","ast-page-background-enabled":"default","ast-page-background-meta":{"desktop":{"background-color":"var(--ast-global-color-4)","background-image":"","background-repeat":"repeat","background-position":"center center","background-size":"auto","background-attachment":"scroll","background-type":"","background-media":"","overlay-type":"","overlay-color":"","overlay-gradient":""},"tablet":{"background-color":"","background-image":"","background-repeat":"repeat","background-position":"center center","background-size":"auto","background-attachment":"scroll","background-type":"","background-media":"","overlay-type":"","overlay-color":"","overlay-gradient":""},"mobile":{"background-color":"","background-image":"","background-repeat":"repeat","background-position":"center center","background-size":"auto","background-attachment":"scroll","background-type":"","background-media":"","overlay-type":"","overlay-color":"","overlay-gradient":""}},"ast-content-background-meta":{"desktop":{"background-color":"var(--ast-global-color-5)","background-image":"","background-repeat":"repeat","background-position":"center center","background-size":"auto","background-attachment":"scroll","background-type":"","background-media":"","overlay-type":"","overlay-color":"","overlay-gradient":""},"tablet":{"background-color":"var(--ast-global-color-5)","background-image":"","background-repeat":"repeat","background-position":"center center","background-size":"auto","background-attachment":"scroll","background-type":"","background-media":"","overlay-type":"","overlay-color":"","overlay-gradient":""},"mobile":{"background-color":"var(--ast-global-color-5)","background-image":"","background-repeat":"repeat","background-position":"center center","background-size":"auto","background-attachment":"scroll","background-type":"","background-media":"","overlay-type":"","overlay-color":"","overlay-gradient":""}},"footnotes":""},"class_list":["post-7","page","type-page","status-publish","hentry"],"yoast_head":"<!-- This site is optimized with the Yoast SEO plugin v21.5 - https:\/\/yoast.com\/wordpress\/plugins\/seo\/ -->\n<title>Xandar Law Tax Solutions UG (haftungsbeschr\u00e4nkt) - Xandar<\/title>\n<meta name=\"robots\" content=\"index, follow, max-snippet:-1, max-image-preview:large, max-video-preview:-1\" \/>\n<link rel=\"canonical\" href=\"https:\/\/xandar.de\/\" \/>\n<meta property=\"og:locale\" content=\"de_DE\" \/>\n<meta property=\"og:type\" content=\"article\" \/>\n<meta property=\"og:title\" content=\"Xandar Law Tax Solutions UG (haftungsbeschr\u00e4nkt) - Xandar\" \/>\n<meta property=\"og:description\" content=\"\u00dcber uns Ein ungew\u00f6hnliches Trio? Ein Steuerberater, ein Rechtsanwalt und ein Software-Entwickler. Kennengelernt haben wir uns \u00fcber die Wirtschaftsjunioren Freiburg. Wir haben unsere Kompetenzen geb\u00fcndelt und Synergien entdeckt. Dabei ist ein Produkt entstanden, das so nur durch diese besondere Kombination umgesetzt werden konnte. Mehr in K\u00fcrze! In K\u00fcrze stellen wir euch auf unserer Webseite weitere &hellip; Xandar Law Tax Solutions UG (haftungsbeschr\u00e4nkt) Weiterlesen &raquo;\" \/>\n<meta property=\"og:url\" content=\"https:\/\/xandar.de\/\" \/>\n<meta property=\"og:site_name\" content=\"Xandar\" \/>\n<meta property=\"article:modified_time\" content=\"2024-02-05T17:11:05+00:00\" \/>\n<meta property=\"og:image\" content=\"https:\/\/xandar.de\/wp-content\/uploads\/2023\/11\/icon.png\" \/>\n<meta name=\"twitter:card\" content=\"summary_large_image\" \/>\n<meta name=\"twitter:label1\" content=\"Gesch\u00e4tzte Lesezeit\" \/>\n\t<meta name=\"twitter:data1\" content=\"2\u00a0Minuten\" \/>\n<script type=\"application\/ld+json\" class=\"yoast-schema-graph\">{\"@context\":\"https:\/\/schema.org\",\"@graph\":[{\"@type\":\"WebPage\",\"@id\":\"https:\/\/xandar.de\/\",\"url\":\"https:\/\/xandar.de\/\",\"name\":\"Xandar Law Tax Solutions UG (haftungsbeschr\u00e4nkt) - Xandar\",\"isPartOf\":{\"@id\":\"https:\/\/xandar.de\/#website\"},\"datePublished\":\"2023-06-13T14:03:57+00:00\",\"dateModified\":\"2024-02-05T17:11:05+00:00\",\"breadcrumb\":{\"@id\":\"https:\/\/xandar.de\/#breadcrumb\"},\"inLanguage\":\"de\",\"potentialAction\":[{\"@type\":\"ReadAction\",\"target\":[\"https:\/\/xandar.de\/\"]}]},{\"@type\":\"BreadcrumbList\",\"@id\":\"https:\/\/xandar.de\/#breadcrumb\",\"itemListElement\":[{\"@type\":\"ListItem\",\"position\":1,\"name\":\"Startseite\",\"item\":\"https:\/\/xandar.de\/\"},{\"@type\":\"ListItem\",\"position\":2,\"name\":\"Xandar Law Tax Solutions UG (haftungsbeschr\u00e4nkt)\"}]},{\"@type\":\"WebSite\",\"@id\":\"https:\/\/xandar.de\/#website\",\"url\":\"https:\/\/xandar.de\/\",\"name\":\"Xandar\",\"description\":\"\",\"publisher\":{\"@id\":\"https:\/\/xandar.de\/#organization\"},\"potentialAction\":[{\"@type\":\"SearchAction\",\"target\":{\"@type\":\"EntryPoint\",\"urlTemplate\":\"https:\/\/xandar.de\/?s={search_term_string}\"},\"query-input\":\"required name=search_term_string\"}],\"inLanguage\":\"de\"},{\"@type\":\"Organization\",\"@id\":\"https:\/\/xandar.de\/#organization\",\"name\":\"Xandar\",\"url\":\"https:\/\/xandar.de\/\",\"logo\":{\"@type\":\"ImageObject\",\"inLanguage\":\"de\",\"@id\":\"https:\/\/xandar.de\/#\/schema\/logo\/image\/\",\"url\":\"https:\/\/xandar.de\/wp-content\/uploads\/2023\/11\/xandar.png\",\"contentUrl\":\"https:\/\/xandar.de\/wp-content\/uploads\/2023\/11\/xandar.png\",\"width\":938,\"height\":262,\"caption\":\"Xandar\"},\"image\":{\"@id\":\"https:\/\/xandar.de\/#\/schema\/logo\/image\/\"}}]}<\/script>\n<!-- \/ Yoast SEO plugin. -->","yoast_head_json":{"title":"Xandar Law Tax Solutions UG (haftungsbeschr\u00e4nkt) - Xandar","robots":{"index":"index","follow":"follow","max-snippet":"max-snippet:-1","max-image-preview":"max-image-preview:large","max-video-preview":"max-video-preview:-1"},"canonical":"https:\/\/xandar.de\/","og_locale":"de_DE","og_type":"article","og_title":"Xandar Law Tax Solutions UG (haftungsbeschr\u00e4nkt) - Xandar","og_description":"\u00dcber uns Ein ungew\u00f6hnliches Trio? Ein Steuerberater, ein Rechtsanwalt und ein Software-Entwickler. Kennengelernt haben wir uns \u00fcber die Wirtschaftsjunioren Freiburg. Wir haben unsere Kompetenzen geb\u00fcndelt und Synergien entdeckt. Dabei ist ein Produkt entstanden, das so nur durch diese besondere Kombination umgesetzt werden konnte. Mehr in K\u00fcrze! In K\u00fcrze stellen wir euch auf unserer Webseite weitere &hellip; Xandar Law Tax Solutions UG (haftungsbeschr\u00e4nkt) Weiterlesen &raquo;","og_url":"https:\/\/xandar.de\/","og_site_name":"Xandar","article_modified_time":"2024-02-05T17:11:05+00:00","og_image":[{"url":"https:\/\/xandar.de\/wp-content\/uploads\/2023\/11\/icon.png"}],"twitter_card":"summary_large_image","twitter_misc":{"Gesch\u00e4tzte Lesezeit":"2\u00a0Minuten"},"schema":{"@context":"https:\/\/schema.org","@graph":[{"@type":"WebPage","@id":"https:\/\/xandar.de\/","url":"https:\/\/xandar.de\/","name":"Xandar Law Tax Solutions UG (haftungsbeschr\u00e4nkt) - Xandar","isPartOf":{"@id":"https:\/\/xandar.de\/#website"},"datePublished":"2023-06-13T14:03:57+00:00","dateModified":"2024-02-05T17:11:05+00:00","breadcrumb":{"@id":"https:\/\/xandar.de\/#breadcrumb"},"inLanguage":"de","potentialAction":[{"@type":"ReadAction","target":["https:\/\/xandar.de\/"]}]},{"@type":"BreadcrumbList","@id":"https:\/\/xandar.de\/#breadcrumb","itemListElement":[{"@type":"ListItem","position":1,"name":"Startseite","item":"https:\/\/xandar.de\/"},{"@type":"ListItem","position":2,"name":"Xandar Law Tax Solutions UG (haftungsbeschr\u00e4nkt)"}]},{"@type":"WebSite","@id":"https:\/\/xandar.de\/#website","url":"https:\/\/xandar.de\/","name":"Xandar","description":"","publisher":{"@id":"https:\/\/xandar.de\/#organization"},"potentialAction":[{"@type":"SearchAction","target":{"@type":"EntryPoint","urlTemplate":"https:\/\/xandar.de\/?s={search_term_string}"},"query-input":"required name=search_term_string"}],"inLanguage":"de"},{"@type":"Organization","@id":"https:\/\/xandar.de\/#organization","name":"Xandar","url":"https:\/\/xandar.de\/","logo":{"@type":"ImageObject","inLanguage":"de","@id":"https:\/\/xandar.de\/#\/schema\/logo\/image\/","url":"https:\/\/xandar.de\/wp-content\/uploads\/2023\/11\/xandar.png","contentUrl":"https:\/\/xandar.de\/wp-content\/uploads\/2023\/11\/xandar.png","width":938,"height":262,"caption":"Xandar"},"image":{"@id":"https:\/\/xandar.de\/#\/schema\/logo\/image\/"}}]}},"_links":{"self":[{"href":"https:\/\/xandar.de\/index.php?rest_route=\/wp\/v2\/pages\/7","targetHints":{"allow":["GET"]}}],"collection":[{"href":"https:\/\/xandar.de\/index.php?rest_route=\/wp\/v2\/pages"}],"about":[{"href":"https:\/\/xandar.de\/index.php?rest_route=\/wp\/v2\/types\/page"}],"author":[{"embeddable":true,"href":"https:\/\/xandar.de\/index.php?rest_route=\/wp\/v2\/users\/1"}],"replies":[{"embeddable":true,"href":"https:\/\/xandar.de\/index.php?rest_route=%2Fwp%2Fv2%2Fcomments&post=7"}],"version-history":[{"count":40,"href":"https:\/\/xandar.de\/index.php?rest_route=\/wp\/v2\/pages\/7\/revisions"}],"predecessor-version":[{"id":173,"href":"https:\/\/xandar.de\/index.php?rest_route=\/wp\/v2\/pages\/7\/revisions\/173"}],"wp:attachment":[{"href":"https:\/\/xandar.de\/index.php?rest_route=%2Fwp%2Fv2%2Fmedia&parent=7"}],"curies":[{"name":"wp","href":"https:\/\/api.w.org\/{rel}","templated":true}]}}